{"id":420,"date":"2018-12-03T15:14:22","date_gmt":"2018-12-03T14:14:22","guid":{"rendered":"https:\/\/prisme-expertises.com?page_id=420"},"modified":"2018-12-14T13:56:47","modified_gmt":"2018-12-14T12:56:47","slug":"rechtliche-informationen","status":"publish","type":"page","link":"https:\/\/prisme-expertises.com\/de\/rechtliche-informationen\/","title":{"rendered":"Rechtliche Informationen"},"content":{"rendered":"<h2>Editeur du site<\/h2>\n<p>Prisme Expertises<\/p>\n<p>Num\u00e9ro de SIRET : 83230381200016<\/p>\n<p>Num\u00e9ro TVA\u00a0: FR 13 832 303 812<\/p>\n<p>Responsable \u00e9ditorial : Franck Graille<\/p>\n<p>T\u00e9l\u00e9phone : <a href=\"tel:+06.26.56.95.33\">06.26.56.95.33<\/a><\/p>\n<p>Email : contact@prisme-expertises.com<\/p>\n<h2>H\u00e9bergement<\/h2>\n<p>H\u00e9bergeur : OVH<\/p>\n<p>2 rue Kellermann, 59100 Roubaix, France<\/p>\n<p>Site Web :\u00a0<a href=\"http:\/\/www.ovh.com\/\">www.ovh.com<\/a><\/p>\n<h2>Description des services fournis<\/h2>\n<p>Le site\u00a0a pour objet de fournir une information concernant l\u2019ensemble des activit\u00e9s de la soci\u00e9t\u00e9.<\/p>\n<p>Prisme Expertises s\u2019efforce de fournir sur le site des informations aussi pr\u00e9cises que possible. Toutefois, il ne pourra \u00eatre tenue responsable des omissions, des inexactitudes et des carences dans la mise \u00e0 jour, qu\u2019elles soient de son fait ou du fait des tiers partenaires qui lui fournissent ces informations.<\/p>\n<p>Tous les informations indiqu\u00e9es sur le site sont donn\u00e9es \u00e0 titre indicatif, et sont susceptibles d\u2019\u00e9voluer. Par ailleurs, les renseignements figurant sur le site\u00a0ne sont pas exhaustifs. Ils sont donn\u00e9s sous r\u00e9serve de modifications ayant \u00e9t\u00e9 apport\u00e9es depuis leur mise en ligne.<\/p>\n<h2>Propri\u00e9t\u00e9 intellectuelle<\/h2>\n<p>Prisme Expertises est propri\u00e9taire des droits de propri\u00e9t\u00e9 intellectuelle ou d\u00e9tient les droits d\u2019usage sur tous les \u00e9l\u00e9ments accessibles sur le site, notamment les textes, images, graphismes, logo, ic\u00f4nes, sons, logiciels.<\/p>\n<p>Toute reproduction, repr\u00e9sentation, modification, publication, adaptation de tout ou partie des \u00e9l\u00e9ments du site, quel que soit le moyen ou le proc\u00e9d\u00e9 utilis\u00e9, est interdite, sauf autorisation \u00e9crite pr\u00e9alable de : Prisme Expertises.<\/p>\n<p>Toute exploitation non autoris\u00e9e du site ou de l\u2019un quelconque des \u00e9l\u00e9ments qu\u2019il contient sera consid\u00e9r\u00e9e comme constitutive d\u2019une contrefa\u00e7on et poursuivie conform\u00e9ment aux dispositions des articles L.335-2 et suivants du Code de Propri\u00e9t\u00e9 Intellectuelle.<\/p>\n<h2>Cr\u00e9dits photos<\/h2>\n<p>Photos r\u00e9alis\u00e9es par 128db.<\/p>\n<p>L\u2019utilisateur s\u2019interdit de porter atteinte aux droits de propri\u00e9t\u00e9 intellectuelle aff\u00e9rents \u00e0 ces \u00e9l\u00e9ments et notamment de les reproduire, repr\u00e9senter, modifier, adapter, traduire, d\u2019en extraire et\/ou r\u00e9utiliser une partie qualitativement ou quantitativement substantielle, \u00e0 l\u2019exclusion des actes n\u00e9cessaires \u00e0 leur usage normal et conforme.<\/p>\n<h2>Donn\u00e9es statistiques et cookies<\/h2>\n<p>Afin de mieux conna\u00eetre les centres d\u2019int\u00e9r\u00eat des visiteurs du site et en vue de son am\u00e9lioration, nous pouvons \u00eatre amen\u00e9s \u00e0 mesurer le nombre de visites, de pages vues, ainsi que l\u2019activit\u00e9 des visiteurs sur le site, et leur fr\u00e9quence de retour. A cet effet, la technologie des cookies peut \u00eatre utilis\u00e9e. Il vous est possible de refuser ces \u00ab cookies \u00bb ou de les supprimer sans que cela ait une quelconque influence sur votre acc\u00e8s aux pages du site. Pour vous opposer \u00e0 l\u2019enregistrement de cookies ou \u00eatre pr\u00e9venu avant d\u2019accepter les cookies, nous vous recommandons la lecture la rubrique d\u2019aide de votre navigateur qui vous pr\u00e9cisera la marche \u00e0 suivre.<\/p>\n<h2>Google Analytics<\/h2>\n<p>Ce site utilise Google Analytics, un service d\u2019analyse de site internet fourni par Google Inc. (\u00ab Google \u00bb). Google Analytics utilise des cookies, qui sont des fichiers texte plac\u00e9s sur votre ordinateur, pour aider le site internet \u00e0 analyser l\u2019utilisation du site par ses utilisateurs. Les donn\u00e9es g\u00e9n\u00e9r\u00e9es par les cookies concernant votre utilisation du site (y compris votre adresse IP) seront transmises et stock\u00e9es par Google sur des serveurs situ\u00e9s aux Etats-Unis. Google utilisera cette information dans le but d\u2019\u00e9valuer votre utilisation du site, de compiler des rapports sur l\u2019activit\u00e9 du site \u00e0 destination de son \u00e9diteur et de fournir d\u2019autres services relatifs \u00e0 l\u2019activit\u00e9 du site et \u00e0 l\u2019utilisation d\u2019Internet. Google est susceptible de communiquer ces donn\u00e9es \u00e0 des tiers en cas d\u2019obligation l\u00e9gale ou lorsque ces tiers traitent ces donn\u00e9es pour le compte de Google, y compris notamment l\u2019\u00e9diteur de ce site. Google ne recoupera pas votre adresse IP avec toute autre donn\u00e9e d\u00e9tenue par Google. Vous pouvez d\u00e9sactiver l\u2019utilisation de cookies en s\u00e9lectionnant les param\u00e8tres appropri\u00e9s de votre navigateur. Cependant, une telle d\u00e9sactivation pourrait emp\u00eacher l\u2019utilisation de certaines fonctionnalit\u00e9s de ce site. En utilisant ce site internet, vous consentez express\u00e9ment au traitement de vos donn\u00e9es nominatives par Google dans les conditions et pour les finalit\u00e9s d\u00e9crites ci-dessus.<\/p>\n<h2>Limitation de responsabilit\u00e9<\/h2>\n<p>Ce site comporte des informations mises \u00e0 disposition par des soci\u00e9t\u00e9s externes ou des liens hypertextes vers d\u2019autres sites qui n\u2019ont pas \u00e9t\u00e9 d\u00e9velopp\u00e9s par ce site. Le contenu mis \u00e0 disposition sur le site est fourni \u00e0 titre informatif. L\u2019existence d\u2019un lien de ce site vers un autre site ne constitue pas une validation de ce site ou de son contenu. Il appartient \u00e0 l\u2019internaute d\u2019utiliser ces informations avec discernement et esprit critique. La responsabilit\u00e9 du directeur de la publication ne saurait \u00eatre engag\u00e9e du fait aux informations, opinions et recommandations formul\u00e9es par des tiers.<\/p>\n<p>&nbsp;<\/p>\n","protected":false},"excerpt":{"rendered":"<p>Editeur du site Prisme Expertises Num\u00e9ro de SIRET : 83230381200016 Num\u00e9ro TVA\u00a0: FR 13 832 303 812 Responsable \u00e9ditorial : Franck Graille T\u00e9l\u00e9phone : 06.26.56.95.33 Email : contact@prisme-expertises.com H\u00e9bergement H\u00e9bergeur : OVH 2 rue Kellermann, 59100 Roubaix, France Site Web :\u00a0www.ovh.com Description des services fournis Le site\u00a0a pour objet de fournir une information concernant l\u2019ensemble [&hellip;]<\/p>\n","protected":false},"author":1,"featured_media":0,"parent":0,"menu_order":4,"comment_status":"closed","ping_status":"closed","template":"","meta":{"_acf_changed":false,"footnotes":""},"acf":[],"yoast_head":"<!-- This site is optimized with the Yoast SEO plugin v22.1 - https:\/\/yoast.com\/wordpress\/plugins\/seo\/ -->\n<title>Rechtliche Informationen - Prisme Expertises<\/title>\n<meta name=\"robots\" content=\"noindex, follow\" \/>\n<meta property=\"og:locale\" content=\"de_DE\" \/>\n<meta property=\"og:type\" content=\"article\" \/>\n<meta property=\"og:title\" content=\"Rechtliche Informationen - Prisme Expertises\" \/>\n<meta property=\"og:description\" content=\"Editeur du site Prisme Expertises Num\u00e9ro de SIRET : 83230381200016 Num\u00e9ro TVA\u00a0: FR 13 832 303 812 Responsable \u00e9ditorial : Franck Graille T\u00e9l\u00e9phone : 06.26.56.95.33 Email : contact@prisme-expertises.com H\u00e9bergement H\u00e9bergeur : OVH 2 rue Kellermann, 59100 Roubaix, France Site Web :\u00a0www.ovh.com Description des services fournis Le site\u00a0a pour objet de fournir une information concernant l\u2019ensemble [&hellip;]\" \/>\n<meta property=\"og:url\" content=\"https:\/\/prisme-expertises.com\/de\/rechtliche-informationen\/\" \/>\n<meta property=\"og:site_name\" content=\"Prisme Expertises\" \/>\n<meta property=\"article:modified_time\" content=\"2018-12-14T12:56:47+00:00\" \/>\n<meta name=\"twitter:card\" content=\"summary_large_image\" \/>\n<meta name=\"twitter:label1\" content=\"Est. reading time\" \/>\n\t<meta name=\"twitter:data1\" content=\"4 minutes\" \/>\n<script type=\"application\/ld+json\" class=\"yoast-schema-graph\">{\"@context\":\"https:\/\/schema.org\",\"@graph\":[{\"@type\":\"WebPage\",\"@id\":\"https:\/\/prisme-expertises.com\/de\/rechtliche-informationen\/\",\"url\":\"https:\/\/prisme-expertises.com\/de\/rechtliche-informationen\/\",\"name\":\"Rechtliche Informationen - Prisme Expertises\",\"isPartOf\":{\"@id\":\"https:\/\/prisme-expertises.com\/#website\"},\"datePublished\":\"2018-12-03T14:14:22+00:00\",\"dateModified\":\"2018-12-14T12:56:47+00:00\",\"breadcrumb\":{\"@id\":\"https:\/\/prisme-expertises.com\/de\/rechtliche-informationen\/#breadcrumb\"},\"inLanguage\":\"de-DE\",\"potentialAction\":[{\"@type\":\"ReadAction\",\"target\":[\"https:\/\/prisme-expertises.com\/de\/rechtliche-informationen\/\"]}]},{\"@type\":\"BreadcrumbList\",\"@id\":\"https:\/\/prisme-expertises.com\/de\/rechtliche-informationen\/#breadcrumb\",\"itemListElement\":[{\"@type\":\"ListItem\",\"position\":1,\"name\":\"Accueil\",\"item\":\"https:\/\/prisme-expertises.com\/de\/\"},{\"@type\":\"ListItem\",\"position\":2,\"name\":\"Rechtliche Informationen\"}]},{\"@type\":\"WebSite\",\"@id\":\"https:\/\/prisme-expertises.com\/#website\",\"url\":\"https:\/\/prisme-expertises.com\/\",\"name\":\"Prisme Expertises\",\"description\":\"Parce que le conseil et la gestion sont essentiels pour la r\u00e9ussite de votre entreprise, nos experts-comptables vous proposent un accompagnement sur-mesure.\",\"potentialAction\":[{\"@type\":\"SearchAction\",\"target\":{\"@type\":\"EntryPoint\",\"urlTemplate\":\"https:\/\/prisme-expertises.com\/?s={search_term_string}\"},\"query-input\":\"required name=search_term_string\"}],\"inLanguage\":\"de-DE\"}]}<\/script>\n<!-- \/ Yoast SEO plugin. -->","yoast_head_json":{"title":"Rechtliche Informationen - Prisme Expertises","robots":{"index":"noindex","follow":"follow"},"og_locale":"de_DE","og_type":"article","og_title":"Rechtliche Informationen - Prisme Expertises","og_description":"Editeur du site Prisme Expertises Num\u00e9ro de SIRET : 83230381200016 Num\u00e9ro TVA\u00a0: FR 13 832 303 812 Responsable \u00e9ditorial : Franck Graille T\u00e9l\u00e9phone : 06.26.56.95.33 Email : contact@prisme-expertises.com H\u00e9bergement H\u00e9bergeur : OVH 2 rue Kellermann, 59100 Roubaix, France Site Web :\u00a0www.ovh.com Description des services fournis Le site\u00a0a pour objet de fournir une information concernant l\u2019ensemble [&hellip;]","og_url":"https:\/\/prisme-expertises.com\/de\/rechtliche-informationen\/","og_site_name":"Prisme Expertises","article_modified_time":"2018-12-14T12:56:47+00:00","twitter_card":"summary_large_image","twitter_misc":{"Est. reading time":"4 minutes"},"schema":{"@context":"https:\/\/schema.org","@graph":[{"@type":"WebPage","@id":"https:\/\/prisme-expertises.com\/de\/rechtliche-informationen\/","url":"https:\/\/prisme-expertises.com\/de\/rechtliche-informationen\/","name":"Rechtliche Informationen - Prisme Expertises","isPartOf":{"@id":"https:\/\/prisme-expertises.com\/#website"},"datePublished":"2018-12-03T14:14:22+00:00","dateModified":"2018-12-14T12:56:47+00:00","breadcrumb":{"@id":"https:\/\/prisme-expertises.com\/de\/rechtliche-informationen\/#breadcrumb"},"inLanguage":"de-DE","potentialAction":[{"@type":"ReadAction","target":["https:\/\/prisme-expertises.com\/de\/rechtliche-informationen\/"]}]},{"@type":"BreadcrumbList","@id":"https:\/\/prisme-expertises.com\/de\/rechtliche-informationen\/#breadcrumb","itemListElement":[{"@type":"ListItem","position":1,"name":"Accueil","item":"https:\/\/prisme-expertises.com\/de\/"},{"@type":"ListItem","position":2,"name":"Rechtliche Informationen"}]},{"@type":"WebSite","@id":"https:\/\/prisme-expertises.com\/#website","url":"https:\/\/prisme-expertises.com\/","name":"Prisme Expertises","description":"Parce que le conseil et la gestion sont essentiels pour la r\u00e9ussite de votre entreprise, nos experts-comptables vous proposent un accompagnement sur-mesure.","potentialAction":[{"@type":"SearchAction","target":{"@type":"EntryPoint","urlTemplate":"https:\/\/prisme-expertises.com\/?s={search_term_string}"},"query-input":"required name=search_term_string"}],"inLanguage":"de-DE"}]}},"_links":{"self":[{"href":"https:\/\/prisme-expertises.com\/de\/wp-json\/wp\/v2\/pages\/420"}],"collection":[{"href":"https:\/\/prisme-expertises.com\/de\/wp-json\/wp\/v2\/pages"}],"about":[{"href":"https:\/\/prisme-expertises.com\/de\/wp-json\/wp\/v2\/types\/page"}],"author":[{"embeddable":true,"href":"https:\/\/prisme-expertises.com\/de\/wp-json\/wp\/v2\/users\/1"}],"replies":[{"embeddable":true,"href":"https:\/\/prisme-expertises.com\/de\/wp-json\/wp\/v2\/comments?post=420"}],"version-history":[{"count":2,"href":"https:\/\/prisme-expertises.com\/de\/wp-json\/wp\/v2\/pages\/420\/revisions"}],"predecessor-version":[{"id":422,"href":"https:\/\/prisme-expertises.com\/de\/wp-json\/wp\/v2\/pages\/420\/revisions\/422"}],"wp:attachment":[{"href":"https:\/\/prisme-expertises.com\/de\/wp-json\/wp\/v2\/media?parent=420"}],"curies":[{"name":"wp","href":"https:\/\/api.w.org\/{rel}","templated":true}]}}